{"id":5365,"date":"2024-09-26T12:20:21","date_gmt":"2024-09-26T09:20:21","guid":{"rendered":"https:\/\/seaevents.lv\/?page_id=5365"},"modified":"2026-01-21T19:24:09","modified_gmt":"2026-01-21T17:24:09","slug":"par-mums","status":"publish","type":"page","link":"https:\/\/seaevents.lv\/en\/par-mums\/","title":{"rendered":"About us"},"content":{"rendered":"<section data-row-bg=\"https:\/\/seaevents.lv\/wp-content\/uploads\/2024\/09\/reklamas-pasakumi.jpg?id=5396\" data-bg-image=\"url\" class=\"vc_row vc_custom_1727343803020 liquid-row-shadowbox-69e8ed919b313 vc_row-has-fill vc_row-has-bg lqd-has-bg-markup row-bg-appended\"><span class=\"row-bg-loader\"><\/span><div class=\"row-bg-wrap\">\n\t\t<div class=\"row-bg-inner\">\n\t\t\t<figure class=\"row-bg\" ><\/figure>\n\t\t<\/div>\n\t<\/div><div class=\"liquid-row-overlay\" style=\"background:rgba(0, 0, 0, 0.5)\"><\/div><div class=\"ld-container container\"><div class=\"row ld-row ld-row-outer\"><div class=\"wpb_column vc_column_container vc_col-sm-12 vc_col-md-6 liquid-column-69e8ed919c12a\"><div class=\"vc_column-inner\" ><div class=\"wpb_wrapper\"  data-custom-animations=\"true\" data-ca-options='{\"triggerHandler\":\"inview\",\"animationTarget\":\"all-childs\",\"duration\":\"1600\",\"delay\":\"160\",\"ease\":\"power4.out\",\"direction\":\"forward\",\"initValues\":{\"y\":70,\"transformOriginX\":50,\"transformOriginY\":50,\"transformOriginZ\":\"0px\",\"opacity\":0},\"animations\":{\"y\":0,\"transformOriginX\":50,\"transformOriginY\":50,\"transformOriginZ\":\"0px\",\"opacity\":1}}'><style>.ld_fancy_heading_69e8ed919c33a h2{color:rgb(255, 255, 255);}.ld_fancy_heading_69e8ed919c33a h2 {margin-bottom:30px !important;  } .ld_fancy_heading_69e8ed919c33a .lqd-highlight-inner svg{height:0.275em!important;fill:rgb(237, 32, 125)!important;}.ld_fancy_heading_69e8ed919c33a h2 {margin-bottom:30px !important;  } .ld_fancy_heading_69e8ed919c33a .lqd-highlight-inner{bottom:5px!important;}.ld_fancy_heading_69e8ed919c33a h2 {margin-bottom:30px !important;  } <\/style><div class=\"ld-fancy-heading mask-text ld_fancy_heading_69e8ed919c33a\">\n\t<h2 class=\"ld-fh-element lqd-highlight-custom-underline lqd-highlight-grow-left text-decoration-default lqd-split-lines\"  data-inview=\"true\" data-transition-delay=\"true\" data-delay-options=\"{&quot;elements&quot;:&quot;.lqd-highlight-inner&quot;,&quot;delayType&quot;:&quot;transition&quot;}\"  data-split-text=\"true\" data-split-options='{\"type\":\"lines\"}'>  About <mark class=\"lqd-highlight\"><span class=\"lqd-highlight-txt\"  >us<\/span><span class=\"lqd-highlight-inner\"><svg class=\"lqd-highlight-brush-svg\" xmlns=\"http:\/\/www.w3.org\/2000\/svg\" width=\"235.509\" height=\"13.504\" viewbox=\"0 0 235.509 13.504\" aria-hidden=\"true\" preserveaspectratio=\"none\"><path d=\"M163,.383a13.044,13.044,0,0,1,1.517-.072,3.528,3.528,0,0,1,1.237-.134q.618.044,1.237.044a.249.249,0,0,1-.1.178.337.337,0,0,0-.1.266q3.092.088,6.184-.044T178.953.4l-.206-.088a12,12,0,0,0,4.123,0,13.467,13.467,0,0,1,5.772,0q1.443-.178,2.68-.266A5.978,5.978,0,0,1,193.8.4,16.707,16.707,0,0,1,198.01.045q2.164.088,4.844.088-.618.088-.824.134L201.412.4a3.893,3.893,0,0,0,2.061,0,5.413,5.413,0,0,1,1.649-.356q.618.088,1.134.178a9.762,9.762,0,0,0,1.544.09,17,17,0,0,1,3.092-.266q1.649,0,3.5.178,2.886.088,5.875.044t5.875-.222q0,.088.206.088h.412a21.975,21.975,0,0,0,2.577.889A12.458,12.458,0,0,1,232.12,2.18a3.962,3.962,0,0,1,1.031.622A3.349,3.349,0,0,1,234.8,3.825a5.079,5.079,0,0,1,.618,1.111q.412.534-1.031.98-1.031.444-.618.98a2.09,2.09,0,0,1,.206.889q0,.444.825.889.618.8-.206,1.245l-1.237.534q-1.443-.088-2.68-.134a17.255,17.255,0,0,1-2.267-.222,3.128,3.128,0,0,0-.928-.044,3.129,3.129,0,0,1-.928-.044q-2.267-.178-4.432-.266T217.7,9.476q-1.649-.088-2.886-.088a17.343,17.343,0,0,1-2.474-.178q-3.916,0-7.73-.088t-7.73-.266l-12.471-.178q-6.287-.088-12.883-.088h-1.958q-.928,0-1.958.088h-2.061q-1.031,0-2.061-.088-2.68-.088-5.256-.134t-5.256.044h-5.462q-2.577,0-5.462.088-4.535.088-8.76.178t-8.554.088q-2.886.088-5.875.088t-5.875.088q-1.443.088-2.886.134t-3.092.044q-4.741.178-9.791.312t-9.791.312q-2.267.088-4.329.088T78.77,10.1q-4.329.266-8.863.49t-9.276.49q-1.237.088-2.68.134a24.356,24.356,0,0,0-2.683.224q-2.68.178-5.462.312t-5.668.4q-2.474.266-4.741.312t-4.741.044q-1.031-.088-1.958-.134a9.684,9.684,0,0,1-1.958-.312,12.5,12.5,0,0,0-1.443-.312q-.825-.134-1.856-.31-2.886.356-6.39.666t-6.8.845a26.709,26.709,0,0,1-2.886.356,20.758,20.758,0,0,1-9.482-.889Q.232,11.962.026,11.25T1.263,9.917q0-.266.825-.266a13.039,13.039,0,0,0,2.886-.444A17.187,17.187,0,0,1,7.86,8.672q3.092-.266,6.184-.8,1.649-.178,3.3-.312t3.5-.312q4.123-.354,8.039-.712t8.039-.622q9.478-.8,18.758-1.338,2.68-.178,5.153-.356t4.741-.356q2.474-.178,5.05-.356T75.88,3.24h1.34a4.829,4.829,0,0,0,1.34-.178q2.267-.178,4.329-.222t4.329-.134a7.256,7.256,0,0,1,2.267,0,3.459,3.459,0,0,0,1.031-.088,6.009,6.009,0,0,1,2.37-.266,14.745,14.745,0,0,0,2.783-.088q1.649,0,2.474.088a1.308,1.308,0,0,1,.185.011,1.226,1.226,0,0,1,.33-.1,3.656,3.656,0,0,0,.515-.088,4.433,4.433,0,0,1,2.886.266q.412-.088,1.031-.178l1.237-.178q.412,0,1.031.044a5.761,5.761,0,0,0,1.237-.044q2.886-.088,5.772-.044a53.829,53.829,0,0,0,5.772-.222,9.505,9.505,0,0,1,1.34-.088h1.34a4.428,4.428,0,0,1,.821-.258l.825-.178a15.178,15.178,0,0,1,1.855.444,3.028,3.028,0,0,1,1.031-.534,4.039,4.039,0,0,1,1.443-.178,6.158,6.158,0,0,1,1.649.178,5.05,5.05,0,0,0,2.267.268q1.855-.088,3.813-.134T138.13,1.2q1.031,0,2.164-.044t2.37-.044q-.206-.088.412-.534h3.092q.412,0,.309.266t.928,0a5.845,5.845,0,0,1,1.443,0,31.833,31.833,0,0,0,5.359.088,21.471,21.471,0,0,1,6.8.178,5.236,5.236,0,0,0,1.031-.4q.412-.222.825-.4a.694.694,0,0,1,.137.07Z\" transform=\"translate(0 0.002)\"\/><\/svg><\/span><\/mark><\/h2><\/div><style>.ld_fancy_heading_69e8ed919cddd p{color:rgb(255, 255, 255);}.ld_fancy_heading_69e8ed919cddd p {font-size:18px; } .ld_fancy_heading_69e8ed919cddd p {line-height:1.3em; } .ld_fancy_heading_69e8ed919cddd p {--element-line-height:1.3em; } .ld_fancy_heading_69e8ed919cddd .lqd-highlight-inner{height:0.275em!important;bottom:0px!important;}.ld_fancy_heading_69e8ed919cddd p {font-size:18px; } .ld_fancy_heading_69e8ed919cddd p {line-height:1.3em; } .ld_fancy_heading_69e8ed919cddd p {--element-line-height:1.3em; } <\/style><div class=\"ld-fancy-heading ld_fancy_heading_69e8ed919cddd\">\n\t<p class=\"ld-fh-element lqd-highlight-underline lqd-highlight-grow-left text-decoration-default lqd-split-lines\"   data-split-text=\"true\" data-split-options='{\"type\":\"lines\"}'>  SEA Events is a full-service event agency that creates unique moments, experiences and memories.<\/p><\/div><\/div><\/div><\/div><\/div><\/div><\/section><style>@media (min-width: 992px) { .liquid-row-responsive-69e8ed919d27e {padding-top:100px !important; padding-bottom:100px !important;  }  }    <\/style><section class=\"vc_row vc_custom_1727344587938 liquid-row-responsive-69e8ed919d27e liquid-row-shadowbox-69e8ed919d2a8\"><div class=\"ld-container container\"><div class=\"row ld-row ld-row-outer vc_row-o-equal-height vc_row-o-content-middle vc_row-flex\"><style>@media (min-width: 992px) { .liquid-column-responsive-69e8ed919d67e > .vc_column-inner {margin-bottom:0px !important; padding-top:300px !important; padding-right:65px !important; padding-left:65px !important;  }  } .liquid-column-69e8ed919d67c{ --lqd-move-onhover-val:-5px}.liquid-column-69e8ed919d67c > .vc_column-inner { box-shadow:0px 20px 88px 0px rgba(0, 0, 0, 0.2)}<\/style><div data-row-bg=\"https:\/\/seaevents.lv\/wp-content\/uploads\/2026\/01\/about_sea_events.jpg?id=5912\" class=\"wpb_column vc_column_container vc_col-sm-12 vc_col-md-6 text-center liquid-column-69e8ed919d67c liquid-column-responsive-69e8ed919d67e vc_col-has-fill lqd-column-move-onhover lqd-has-bg-markup row-bg-appended lqd-scale-bg-onhover\"><div class=\"vc_column-inner justify-content-end vc_custom_1769016248109\" style=\"background-position:center top !important;\"><span class=\"row-bg-loader\"><\/span><div class=\"row-bg-wrap\">\n\t\t<div class=\"row-bg-inner\">\n\t\t\t<figure class=\"row-bg\" ><\/figure>\n\t\t<\/div>\n\t<\/div><div class=\"wpb_wrapper\"  ><style>.ld_fancy_heading_69e8ed919d7ef h1{color:rgb(255, 255, 255);}.ld_fancy_heading_69e8ed919d7ef h1 {font-size:32px; } @media (min-width: 992px) { .ld_fancy_heading_69e8ed919d7ef h1 {font-size:48px; }  } .ld_fancy_heading_69e8ed919d7ef h1 {line-height:1em; } .ld_fancy_heading_69e8ed919d7ef h1 {--element-line-height:1em; } .ld_fancy_heading_69e8ed919d7ef h1 {margin-bottom:0px !important;  } .ld_fancy_heading_69e8ed919d7ef .lqd-highlight-inner{height:0.275em!important;bottom:0px!important;}.ld_fancy_heading_69e8ed919d7ef h1 {font-size:32px; } @media (min-width: 992px) { .ld_fancy_heading_69e8ed919d7ef h1 {font-size:48px; }  } .ld_fancy_heading_69e8ed919d7ef h1 {line-height:1em; } .ld_fancy_heading_69e8ed919d7ef h1 {--element-line-height:1em; } .ld_fancy_heading_69e8ed919d7ef h1 {margin-bottom:0px !important;  } <\/style><div class=\"ld-fancy-heading ld_fancy_heading_69e8ed919d7ef\">\n\t<h1 class=\"ld-fh-element lqd-highlight-underline lqd-highlight-grow-left text-decoration-default\"   >  Annika &amp; Sindija<\/h1><\/div><style>.ld_fancy_heading_69e8ed919d9f1 p{color:rgb(255, 255, 255);}.ld_fancy_heading_69e8ed919d9f1 p {margin-bottom:0px !important;  } .ld_fancy_heading_69e8ed919d9f1 .lqd-highlight-inner{height:0.275em!important;bottom:0px!important;}.ld_fancy_heading_69e8ed919d9f1 p {margin-bottom:0px !important;  } <\/style><div class=\"ld-fancy-heading ld_fancy_heading_69e8ed919d9f1\">\n\t<p class=\"ld-fh-element lqd-highlight-underline lqd-highlight-grow-left text-decoration-default\"   >  SEA events co-founders<\/p><\/div><\/div><\/div><\/div><div class=\"wpb_column vc_column_container vc_col-sm-12 vc_col-lg-offset-1 vc_col-lg-5 vc_col-md-6 liquid-column-69e8ed919deb0\"><div class=\"vc_column-inner  vc_custom_1727278704377\" ><div class=\"wpb_wrapper\"  ><style>.ld_fancy_heading_69e8ed919e19e h3 {font-size:22px; } .ld_fancy_heading_69e8ed919e19e h3 {line-height:1.3em; } .ld_fancy_heading_69e8ed919e19e h3 {--element-line-height:1.3em; } .ld_fancy_heading_69e8ed919e19e h3 {margin-bottom:2em !important;  } .ld_fancy_heading_69e8ed919e19e .lqd-highlight-inner{height:0.275em!important;bottom:0.1em!important;background:rgba(131, 125, 252, 0.65)!important;}.ld_fancy_heading_69e8ed919e19e h3 {font-size:22px; } .ld_fancy_heading_69e8ed919e19e h3 {line-height:1.3em; } .ld_fancy_heading_69e8ed919e19e h3 {--element-line-height:1.3em; } .ld_fancy_heading_69e8ed919e19e h3 {margin-bottom:2em !important;  } <\/style><div class=\"ld-fancy-heading ld_fancy_heading_69e8ed919e19e\">\n\t<h3 class=\"ld-fh-element lqd-highlight-underline lqd-highlight-grow-left text-decoration-default\"   >  The agency was established in April 2023, however, by joining our collective event-related experience of over 5 years, we have accumulated both local and international experience and can provide our clients with a professional and quality service. We have conjured up magic for clients such as Entain, Laimz, Ar\u010ders, Sama Cosmetics, Polipaks, Ponton.lv, etc.<\/h3><\/div><style>.ld_fancy_heading_69e8ed919e4ff p {font-size:17px; } .ld_fancy_heading_69e8ed919e4ff p {margin-bottom:2em !important;  } .ld_fancy_heading_69e8ed919e4ff .lqd-highlight-inner{height:0.275em!important;bottom:0px!important;}.ld_fancy_heading_69e8ed919e4ff p {font-size:17px; } .ld_fancy_heading_69e8ed919e4ff p {margin-bottom:2em !important;  } <\/style><div class=\"ld-fancy-heading ld_fancy_heading_69e8ed919e4ff\">\n\t<p class=\"ld-fh-element lqd-highlight-underline lqd-highlight-grow-left text-decoration-default\"   >  Our creativity goes hand in hand with precision and professional attention to detail. Therefore, we will be glad to help you make this organisational process peaceful and pleasant, and be your shoulder of support throughout the planning process, offering verified values.<\/p>\n<p>Our goal is to establish friendly and effortless communication so that every meeting is pleasant and productive, and together we arrive at an outstanding and sought-after result. <span style=\"font-weight: 400\">M\u0113s sp\u0113jam atrast individu\u0101lu pieeju katram klientam, izzinot t\u0101 m\u0113r\u0137auditoriju un v\u0113lmes.<\/span><\/p>\n<p>Our unifying element is \ud83c\udf0a the SEA. It is just as dynamic as us and our daily lives. So, let's swim together in the same current until we reach a magical result!<\/p><\/div><\/div><\/div><\/div><\/div><\/div><\/section>","protected":false},"excerpt":{"rendered":"Par mums SEA events ir pilna pas\u0101kumu a\u0123ent\u016bra, kas rada unik\u0101lus momentus, piedz\u012bvojumus un atmi\u0146as. Annika &amp; Sindija SEA events vad\u012bt\u0101jas A\u0123ent\u016bra tika atv\u0113rta 2023. gada apr\u012bl\u012b, ta\u010du, apvienojot m\u016bsu kop\u0113jo pas\u0101kumu pieredzi 5 gadu laik\u0101, esam piedz\u012bvoju\u0161as un uzkr\u0101ju\u0161as pieredzi gan Latvij\u0101, gan \u0101rpus t\u0101s un sp\u0113jam nodro\u0161in\u0101t klientiem profesion\u0101lu un kvalitat\u012bvu servisu. Esam [...]","protected":false},"author":1,"featured_media":0,"parent":0,"menu_order":0,"comment_status":"closed","ping_status":"closed","template":"","meta":{"footnotes":""},"class_list":["post-5365","page","type-page","status-publish","hentry"],"yoast_head":"<!-- This site is optimized with the Yoast SEO plugin v27.3 - https:\/\/yoast.com\/product\/yoast-seo-wordpress\/ -->\n<title>Par mums - SEA Events<\/title>\n<meta name=\"robots\" content=\"index, follow, max-snippet:-1, max-image-preview:large, max-video-preview:-1\" \/>\n<link rel=\"canonical\" href=\"https:\/\/seaevents.lv\/en\/par-mums\/\" \/>\n<meta property=\"og:locale\" content=\"en_GB\" \/>\n<meta property=\"og:type\" content=\"article\" \/>\n<meta property=\"og:title\" content=\"Par mums - SEA Events\" \/>\n<meta property=\"og:url\" content=\"https:\/\/seaevents.lv\/en\/par-mums\/\" \/>\n<meta property=\"og:site_name\" content=\"SEA Events\" \/>\n<meta property=\"article:modified_time\" content=\"2026-01-21T17:24:09+00:00\" \/>\n<meta name=\"twitter:card\" content=\"summary_large_image\" \/>\n<meta name=\"twitter:label1\" content=\"Estimated reading time\" \/>\n\t<meta name=\"twitter:data1\" content=\"2 minutes\" \/>\n<script type=\"application\/ld+json\" class=\"yoast-schema-graph\">{\"@context\":\"https:\\\/\\\/schema.org\",\"@graph\":[{\"@type\":\"WebPage\",\"@id\":\"https:\\\/\\\/seaevents.lv\\\/par-mums\\\/\",\"url\":\"https:\\\/\\\/seaevents.lv\\\/par-mums\\\/\",\"name\":\"Par mums - SEA Events\",\"isPartOf\":{\"@id\":\"https:\\\/\\\/seaevents.lv\\\/#website\"},\"datePublished\":\"2024-09-26T09:20:21+00:00\",\"dateModified\":\"2026-01-21T17:24:09+00:00\",\"breadcrumb\":{\"@id\":\"https:\\\/\\\/seaevents.lv\\\/par-mums\\\/#breadcrumb\"},\"inLanguage\":\"en-GB\",\"potentialAction\":[{\"@type\":\"ReadAction\",\"target\":[\"https:\\\/\\\/seaevents.lv\\\/par-mums\\\/\"]}]},{\"@type\":\"BreadcrumbList\",\"@id\":\"https:\\\/\\\/seaevents.lv\\\/par-mums\\\/#breadcrumb\",\"itemListElement\":[{\"@type\":\"ListItem\",\"position\":1,\"name\":\"Home\",\"item\":\"https:\\\/\\\/seaevents.lv\\\/\"},{\"@type\":\"ListItem\",\"position\":2,\"name\":\"Par mums\"}]},{\"@type\":\"WebSite\",\"@id\":\"https:\\\/\\\/seaevents.lv\\\/#website\",\"url\":\"https:\\\/\\\/seaevents.lv\\\/\",\"name\":\"SEA Events\",\"description\":\"Pilna servisa pas\u0101kumu a\u0123ent\u016bra\",\"potentialAction\":[{\"@type\":\"SearchAction\",\"target\":{\"@type\":\"EntryPoint\",\"urlTemplate\":\"https:\\\/\\\/seaevents.lv\\\/?s={search_term_string}\"},\"query-input\":{\"@type\":\"PropertyValueSpecification\",\"valueRequired\":true,\"valueName\":\"search_term_string\"}}],\"inLanguage\":\"en-GB\"}]}<\/script>\n<!-- \/ Yoast SEO plugin. -->","yoast_head_json":{"title":"Par mums - SEA Events","robots":{"index":"index","follow":"follow","max-snippet":"max-snippet:-1","max-image-preview":"max-image-preview:large","max-video-preview":"max-video-preview:-1"},"canonical":"https:\/\/seaevents.lv\/en\/par-mums\/","og_locale":"en_GB","og_type":"article","og_title":"Par mums - SEA Events","og_url":"https:\/\/seaevents.lv\/en\/par-mums\/","og_site_name":"SEA Events","article_modified_time":"2026-01-21T17:24:09+00:00","twitter_card":"summary_large_image","twitter_misc":{"Estimated reading time":"2 minutes"},"schema":{"@context":"https:\/\/schema.org","@graph":[{"@type":"WebPage","@id":"https:\/\/seaevents.lv\/par-mums\/","url":"https:\/\/seaevents.lv\/par-mums\/","name":"Par mums - SEA Events","isPartOf":{"@id":"https:\/\/seaevents.lv\/#website"},"datePublished":"2024-09-26T09:20:21+00:00","dateModified":"2026-01-21T17:24:09+00:00","breadcrumb":{"@id":"https:\/\/seaevents.lv\/par-mums\/#breadcrumb"},"inLanguage":"en-GB","potentialAction":[{"@type":"ReadAction","target":["https:\/\/seaevents.lv\/par-mums\/"]}]},{"@type":"BreadcrumbList","@id":"https:\/\/seaevents.lv\/par-mums\/#breadcrumb","itemListElement":[{"@type":"ListItem","position":1,"name":"Home","item":"https:\/\/seaevents.lv\/"},{"@type":"ListItem","position":2,"name":"Par mums"}]},{"@type":"WebSite","@id":"https:\/\/seaevents.lv\/#website","url":"https:\/\/seaevents.lv\/","name":"SEA Events","description":"Pilna servisa pas\u0101kumu a\u0123ent\u016bra","potentialAction":[{"@type":"SearchAction","target":{"@type":"EntryPoint","urlTemplate":"https:\/\/seaevents.lv\/?s={search_term_string}"},"query-input":{"@type":"PropertyValueSpecification","valueRequired":true,"valueName":"search_term_string"}}],"inLanguage":"en-GB"}]}},"_links":{"self":[{"href":"https:\/\/seaevents.lv\/en\/wp-json\/wp\/v2\/pages\/5365","targetHints":{"allow":["GET"]}}],"collection":[{"href":"https:\/\/seaevents.lv\/en\/wp-json\/wp\/v2\/pages"}],"about":[{"href":"https:\/\/seaevents.lv\/en\/wp-json\/wp\/v2\/types\/page"}],"author":[{"embeddable":true,"href":"https:\/\/seaevents.lv\/en\/wp-json\/wp\/v2\/users\/1"}],"replies":[{"embeddable":true,"href":"https:\/\/seaevents.lv\/en\/wp-json\/wp\/v2\/comments?post=5365"}],"version-history":[{"count":2,"href":"https:\/\/seaevents.lv\/en\/wp-json\/wp\/v2\/pages\/5365\/revisions"}],"predecessor-version":[{"id":5924,"href":"https:\/\/seaevents.lv\/en\/wp-json\/wp\/v2\/pages\/5365\/revisions\/5924"}],"wp:attachment":[{"href":"https:\/\/seaevents.lv\/en\/wp-json\/wp\/v2\/media?parent=5365"}],"curies":[{"name":"wp","href":"https:\/\/api.w.org\/{rel}","templated":true}]}}